{"id":1135,"date":"2026-01-14T11:02:13","date_gmt":"2026-01-14T11:02:13","guid":{"rendered":"https:\/\/2mrentacar.es\/producto\/cobertura-plus-relax-12e-dia\/"},"modified":"2026-01-15T04:05:23","modified_gmt":"2026-01-15T04:05:23","slug":"cobertura-plus-relax-15e-dia","status":"publish","type":"product","link":"https:\/\/2mrentacar.es\/en\/product\/cobertura-plus-relax-15e-dia\/","title":{"rendered":"Cobertura Plus Relax &#8211; 15\u20ac\/d\u00eda"},"content":{"rendered":"","protected":false},"excerpt":{"rendered":"<p>Cobertura completa del veh\u00edculo sin franquicia y sin bloqueo en tu tarjeta. &#8211; Asistencia en carretera premium incluida. <strong>No v\u00e1lido para furgoneta.<\/strong><\/p>","protected":false},"featured_media":1109,"template":"","meta":[],"product_brand":[],"product_cat":[48],"product_tag":[],"class_list":{"0":"post-1135","1":"product","2":"type-product","3":"status-publish","4":"has-post-thumbnail","6":"product_cat-seguro","8":"first","9":"instock","10":"shipping-taxable","11":"purchasable","12":"product-type-car_option"},"_links":{"self":[{"href":"https:\/\/2mrentacar.es\/en\/wp-json\/wp\/v2\/product\/1135","targetHints":{"allow":["GET"]}}],"collection":[{"href":"https:\/\/2mrentacar.es\/en\/wp-json\/wp\/v2\/product"}],"about":[{"href":"https:\/\/2mrentacar.es\/en\/wp-json\/wp\/v2\/types\/product"}],"version-history":[{"count":6,"href":"https:\/\/2mrentacar.es\/en\/wp-json\/wp\/v2\/product\/1135\/revisions"}],"predecessor-version":[{"id":1456,"href":"https:\/\/2mrentacar.es\/en\/wp-json\/wp\/v2\/product\/1135\/revisions\/1456"}],"wp:featuredmedia":[{"embeddable":true,"href":"https:\/\/2mrentacar.es\/en\/wp-json\/wp\/v2\/media\/1109"}],"wp:attachment":[{"href":"https:\/\/2mrentacar.es\/en\/wp-json\/wp\/v2\/media?parent=1135"}],"wp:term":[{"taxonomy":"product_brand","embeddable":true,"href":"https:\/\/2mrentacar.es\/en\/wp-json\/wp\/v2\/product_brand?post=1135"},{"taxonomy":"product_cat","embeddable":true,"href":"https:\/\/2mrentacar.es\/en\/wp-json\/wp\/v2\/product_cat?post=1135"},{"taxonomy":"product_tag","embeddable":true,"href":"https:\/\/2mrentacar.es\/en\/wp-json\/wp\/v2\/product_tag?post=1135"}],"curies":[{"name":"wp","href":"https:\/\/api.w.org\/{rel}","templated":true}]}}